{"id":298,"date":"2021-07-06T14:02:11","date_gmt":"2021-07-06T17:02:11","guid":{"rendered":"http:\/\/totachem-com.cloud1.cloubox.com.br\/?page_id=298"},"modified":"2021-11-19T15:05:47","modified_gmt":"2021-11-19T18:05:47","slug":"about-us","status":"publish","type":"page","link":"https:\/\/totachem-com.cloud1.cloubox.com.br\/pt\/about-us\/","title":{"rendered":"Sobre N\u00f3s"},"content":{"rendered":"<div data-elementor-type=\"wp-page\" data-elementor-id=\"298\" class=\"elementor elementor-298\">\n\t\t\t\t\t\t\t\t\t<section class=\"elementor-section elementor-top-section elementor-element elementor-element-91d22ce elementor-section-boxed elementor-section-height-default elementor-section-height-default\" data-id=\"91d22ce\" data-element_type=\"section\" data-settings=\"{&quot;_ha_eqh_enable&quot;:false}\">\n\t\t\t\t\t\t<div class=\"elementor-container elementor-column-gap-default\">\n\t\t\t\t\t<div class=\"elementor-column elementor-col-100 elementor-top-column elementor-element elementor-element-e27acb6 elementor-invisible\" data-id=\"e27acb6\" data-element_type=\"column\" data-settings=\"{&quot;animation&quot;:&quot;fadeInRight&quot;}\">\n\t\t\t<div class=\"elementor-widget-wrap elementor-element-populated\">\n\t\t\t\t\t\t\t\t<section class=\"elementor-section elementor-inner-section elementor-element elementor-element-2fa24de elementor-section-boxed elementor-section-height-default elementor-section-height-default\" data-id=\"2fa24de\" data-element_type=\"section\" data-settings=\"{&quot;_ha_eqh_enable&quot;:false}\">\n\t\t\t\t\t\t<div class=\"elementor-container elementor-column-gap-default\">\n\t\t\t\t\t<div class=\"elementor-column elementor-col-50 elementor-inner-column elementor-element elementor-element-37d7257 elementor-invisible\" data-id=\"37d7257\" data-element_type=\"column\" data-settings=\"{&quot;background_background&quot;:&quot;classic&quot;,&quot;motion_fx_motion_fx_scrolling&quot;:&quot;yes&quot;,&quot;motion_fx_translateY_effect&quot;:&quot;yes&quot;,&quot;motion_fx_translateY_direction&quot;:&quot;negative&quot;,&quot;motion_fx_translateY_affectedRange&quot;:{&quot;unit&quot;:&quot;%&quot;,&quot;size&quot;:&quot;&quot;,&quot;sizes&quot;:{&quot;start&quot;:50,&quot;end&quot;:100}},&quot;animation&quot;:&quot;fadeInRight&quot;,&quot;animation_delay&quot;:500,&quot;motion_fx_translateY_speed&quot;:{&quot;unit&quot;:&quot;px&quot;,&quot;size&quot;:4,&quot;sizes&quot;:[]},&quot;motion_fx_devices&quot;:[&quot;desktop&quot;,&quot;tablet&quot;,&quot;mobile&quot;]}\">\n\t\t\t<div class=\"elementor-widget-wrap elementor-element-populated\">\n\t\t\t\t\t\t\t\t<div class=\"elementor-element elementor-element-c6080c1 elementor-widget elementor-widget-heading\" data-id=\"c6080c1\" data-element_type=\"widget\" data-widget_type=\"heading.default\">\n\t\t\t\t<div class=\"elementor-widget-container\">\n\t\t\t<h2 class=\"elementor-heading-title elementor-size-default\">TOTACHEM<br>\nTRADING LLP\n<\/h2>\t\t<\/div>\n\t\t\t\t<\/div>\n\t\t\t\t<div class=\"elementor-element elementor-element-38edf30 elementor-widget elementor-widget-text-editor\" data-id=\"38edf30\" data-element_type=\"widget\" data-widget_type=\"text-editor.default\">\n\t\t\t\t<div class=\"elementor-widget-container\">\n\t\t\t\t\t\t\t<p>A TOTACHEM TRADING atua no Reino Unido desde 2021.\nSomos especializados em desenvolvimento de fornecedores, divulga\u00e7\u00e3o e assessoria para importa\u00e7\u00e3o direta de corantes t\u00eaxteis, auxiliares, produtos qu\u00edmicos, pol\u00edmeros e mat\u00e9rias-primas.<\/p><p>Nossos principais mercados s\u00e3o India, China e USA. No entanto, n\u00f3s prospectamos fornecedores em mais de 15 pa\u00edses do mundo. Representamos diversos fabricantes renomados, exclusivamente para os mercados da Am\u00e9rica do Sul. Nosso neg\u00f3cio \u00e9 baseado no conhecimento, transpar\u00eancia e confian\u00e7a.<\/p><p>Al\u00e9m de um experiente time de executivos, contamos com parceiros especializados em diversos pa\u00edses para o acompanhamento de todo processo de importa\u00e7\u00e3o. Nosso principal foco \u00e9 superar as expectativas dos nossos clientes. Tendo como objetivo, agregar valor aos nossos fornecedores internacionais e clientes da Am\u00e9rica do Sul.<\/p>\t\t\t\t\t\t<\/div>\n\t\t\t\t<\/div>\n\t\t\t\t\t<\/div>\n\t\t<\/div>\n\t\t\t\t<div class=\"elementor-column elementor-col-50 elementor-inner-column elementor-element elementor-element-de007bc\" data-id=\"de007bc\" data-element_type=\"column\">\n\t\t\t<div class=\"elementor-widget-wrap\">\n\t\t\t\t\t\t\t\t\t<\/div>\n\t\t<\/div>\n\t\t\t\t\t\t\t<\/div>\n\t\t<\/section>\n\t\t\t\t<section class=\"elementor-section elementor-inner-section elementor-element elementor-element-6acdf09 elementor-section-boxed elementor-section-height-default elementor-section-height-default\" data-id=\"6acdf09\" data-element_type=\"section\" data-settings=\"{&quot;_ha_eqh_enable&quot;:false}\">\n\t\t\t\t\t\t<div class=\"elementor-container elementor-column-gap-default\">\n\t\t\t\t\t<div class=\"elementor-column elementor-col-50 elementor-inner-column elementor-element elementor-element-6f0580a\" data-id=\"6f0580a\" data-element_type=\"column\">\n\t\t\t<div class=\"elementor-widget-wrap\">\n\t\t\t\t\t\t\t\t\t<\/div>\n\t\t<\/div>\n\t\t\t\t<div class=\"elementor-column elementor-col-50 elementor-inner-column elementor-element elementor-element-0265140 elementor-invisible\" data-id=\"0265140\" data-element_type=\"column\" data-settings=\"{&quot;animation&quot;:&quot;fadeIn&quot;,&quot;animation_delay&quot;:300}\">\n\t\t\t<div class=\"elementor-widget-wrap elementor-element-populated\">\n\t\t\t\t\t\t\t\t<div class=\"elementor-element elementor-element-10e6aa3 elementor-widget elementor-widget-spacer\" data-id=\"10e6aa3\" data-element_type=\"widget\" data-widget_type=\"spacer.default\">\n\t\t\t\t<div class=\"elementor-widget-container\">\n\t\t\t\t\t<div class=\"elementor-spacer\">\n\t\t\t<div class=\"elementor-spacer-inner\"><\/div>\n\t\t<\/div>\n\t\t\t\t<\/div>\n\t\t\t\t<\/div>\n\t\t\t\t\t<\/div>\n\t\t<\/div>\n\t\t\t\t\t\t\t<\/div>\n\t\t<\/section>\n\t\t\t\t\t<\/div>\n\t\t<\/div>\n\t\t\t\t\t\t\t<\/div>\n\t\t<\/section>\n\t\t\t\t\t\t\t<\/div>","protected":false},"excerpt":{"rendered":"<p>TOTACHEM TRADING LLP TOTACHEM TRADING has been operating from UK, since 2021. Our company is specialize in international sourcing, marketing and indent orders of Textile dyes, Auxiliaries, chemicals, polymers and raw materials. Our core markets are India, China, and EUA however we source internationally across the globe from more than fifteen countries. We represent several [&hellip;]<\/p>","protected":false},"author":1,"featured_media":0,"parent":0,"menu_order":0,"comment_status":"closed","ping_status":"closed","template":"elementor_theme","meta":[],"acf":[],"_links":{"self":[{"href":"https:\/\/totachem-com.cloud1.cloubox.com.br\/pt\/wp-json\/wp\/v2\/pages\/298"}],"collection":[{"href":"https:\/\/totachem-com.cloud1.cloubox.com.br\/pt\/wp-json\/wp\/v2\/pages"}],"about":[{"href":"https:\/\/totachem-com.cloud1.cloubox.com.br\/pt\/wp-json\/wp\/v2\/types\/page"}],"author":[{"embeddable":true,"href":"https:\/\/totachem-com.cloud1.cloubox.com.br\/pt\/wp-json\/wp\/v2\/users\/1"}],"replies":[{"embeddable":true,"href":"https:\/\/totachem-com.cloud1.cloubox.com.br\/pt\/wp-json\/wp\/v2\/comments?post=298"}],"version-history":[{"count":48,"href":"https:\/\/totachem-com.cloud1.cloubox.com.br\/pt\/wp-json\/wp\/v2\/pages\/298\/revisions"}],"predecessor-version":[{"id":838,"href":"https:\/\/totachem-com.cloud1.cloubox.com.br\/pt\/wp-json\/wp\/v2\/pages\/298\/revisions\/838"}],"wp:attachment":[{"href":"https:\/\/totachem-com.cloud1.cloubox.com.br\/pt\/wp-json\/wp\/v2\/media?parent=298"}],"curies":[{"name":"wp","href":"https:\/\/api.w.org\/{rel}","templated":true}]}}